{"id":125,"date":"2024-08-21T17:07:56","date_gmt":"2024-08-21T15:07:56","guid":{"rendered":"https:\/\/www.nakurakonfort.es\/?page_id=125"},"modified":"2024-09-10T18:38:04","modified_gmt":"2024-09-10T16:38:04","slug":"sobre-nosotros","status":"publish","type":"page","link":"https:\/\/www.nakurakonfort.es\/?page_id=125","title":{"rendered":"SOBRE NOSOTROS"},"content":{"rendered":"\t\t<div data-elementor-type=\"wp-page\" data-elementor-id=\"125\" class=\"elementor elementor-125\">\n\t\t\t\t<div class=\"elementor-element elementor-element-d3fca3b e-flex e-con-boxed e-con e-parent\" data-id=\"d3fca3b\" data-element_type=\"container\">\n\t\t\t\t\t<div class=\"e-con-inner\">\n\t\t\t\t<div class=\"elementor-element elementor-element-5abc08c elementor-widget elementor-widget-heading\" data-id=\"5abc08c\" data-element_type=\"widget\" data-widget_type=\"heading.default\">\n\t\t\t\t<div class=\"elementor-widget-container\">\n\t\t\t\t\t<h2 class=\"elementor-heading-title elementor-size-default\"><br><br><br><br><br><br>SOBRE NOSOTROS...<\/h2>\t\t\t\t<\/div>\n\t\t\t\t<\/div>\n\t\t\t\t<div class=\"elementor-element elementor-element-b8b0de6 elementor-widget elementor-widget-text-editor\" data-id=\"b8b0de6\" data-element_type=\"widget\" data-widget_type=\"text-editor.default\">\n\t\t\t\t<div class=\"elementor-widget-container\">\n\t\t\t\t\t\t\t\t\t<p>En <strong>NAKURA KONFORT<\/strong> nos enorgullecemos de ser una marca pionera en la creaci\u00f3n de espacios que reflejan confort y calidez.&nbsp; Nuestra misi\u00f3n es transformar cada hogar en un refugio acogedor, en el que cada rinc\u00f3n invite a relajarse y disfrutar.<\/p><p><br><\/p>\n<p>Nos destacamos por ofrecer la mejor relaci\u00f3n calidad-precio del mercado, asegurando que cada cliente reciba un producto excepcional sin comprometer su presupuesto.&nbsp; Nuestros dise\u00f1os innovadores son el resultado de un profundo entendimiento de las tendencias actuales y las necesidades de nuestros clientes, lo que nos permite ofrecer soluciones \u00fanicas y funcionales.<\/p><p><br><\/p>\n<p>En la fabricaci\u00f3n de nuestros sof\u00e1s utilizamos materiales de primera calidad, garantizando durabilidad y estilo en cada pieza.&nbsp; Adem\u00e1s, entendemos la importancia de la prontitud, por lo que nos comprometemos a realizar entregas r\u00e1pidas para que puedas disfrutar de tu nuevo hogar en el menor tiempo posible.<\/p><p><br><\/p>\n<p>Con una amplia garant\u00eda en nuestros productos, puedes tener la tranquilidad de que est\u00e1s invirtiendo en lo mejor.&nbsp; Nuestros sof\u00e1s est\u00e1n disponibles en los mejores distribuidores, lo que asegura que puedas encontrarlos f\u00e1cilmente y disfrutar de la experiencia <strong>NAKURA KONFORT<\/strong> en tu hogar.<\/p><p><br><\/p>\n<p>\u00a1Descubre c\u00f3mo podemos ayudarte a crear el hogar de tus sue\u00f1os!<\/p>\t\t\t\t\t\t\t\t<\/div>\n\t\t\t\t<\/div>\n\t\t\t\t\t<\/div>\n\t\t\t\t<\/div>\n\t\t\t\t<\/div>\n\t\t","protected":false},"excerpt":{"rendered":"<p>SOBRE NOSOTROS&#8230; En NAKURA KONFORT nos enorgullecemos de ser una marca pionera en la creaci\u00f3n de espacios que reflejan confort [&hellip;]<\/p>\n","protected":false},"author":1,"featured_media":0,"parent":0,"menu_order":0,"comment_status":"closed","ping_status":"closed","template":"","meta":{"site-sidebar-layout":"default","site-content-layout":"","ast-site-content-layout":"","site-content-style":"default","site-sidebar-style":"default","ast-global-header-display":"","ast-banner-title-visibility":"","ast-main-header-display":"","ast-hfb-above-header-display":"","ast-hfb-below-header-display":"","ast-hfb-mobile-header-display":"","site-post-title":"","ast-breadcrumbs-content":"","ast-featured-img":"","footer-sml-layout":"","theme-transparent-header-meta":"","adv-header-id-meta":"","stick-header-meta":"","header-above-stick-meta":"","header-main-stick-meta":"","header-below-stick-meta":"","astra-migrate-meta-layouts":"default","ast-page-background-enabled":"default","ast-page-background-meta":{"desktop":{"background-color":"var(--ast-global-color-4)","background-image":"","background-repeat":"repeat","background-position":"center center","background-size":"auto","background-attachment":"scroll","background-type":"","background-media":"","overlay-type":"","overlay-color":"","overlay-opacity":"","overlay-gradient":""},"tablet":{"background-color":"","background-image":"","background-repeat":"repeat","background-position":"center center","background-size":"auto","background-attachment":"scroll","background-type":"","background-media":"","overlay-type":"","overlay-color":"","overlay-opacity":"","overlay-gradient":""},"mobile":{"background-color":"","background-image":"","background-repeat":"repeat","background-position":"center center","background-size":"auto","background-attachment":"scroll","background-type":"","background-media":"","overlay-type":"","overlay-color":"","overlay-opacity":"","overlay-gradient":""}},"ast-content-background-meta":{"desktop":{"background-color":"var(--ast-global-color-5)","background-image":"","background-repeat":"repeat","background-position":"center center","background-size":"auto","background-attachment":"scroll","background-type":"","background-media":"","overlay-type":"","overlay-color":"","overlay-opacity":"","overlay-gradient":""},"tablet":{"background-color":"var(--ast-global-color-5)","background-image":"","background-repeat":"repeat","background-position":"center center","background-size":"auto","background-attachment":"scroll","background-type":"","background-media":"","overlay-type":"","overlay-color":"","overlay-opacity":"","overlay-gradient":""},"mobile":{"background-color":"var(--ast-global-color-5)","background-image":"","background-repeat":"repeat","background-position":"center center","background-size":"auto","background-attachment":"scroll","background-type":"","background-media":"","overlay-type":"","overlay-color":"","overlay-opacity":"","overlay-gradient":""}},"footnotes":""},"class_list":["post-125","page","type-page","status-publish","hentry"],"jetpack_sharing_enabled":true,"_links":{"self":[{"href":"https:\/\/www.nakurakonfort.es\/index.php?rest_route=\/wp\/v2\/pages\/125","targetHints":{"allow":["GET"]}}],"collection":[{"href":"https:\/\/www.nakurakonfort.es\/index.php?rest_route=\/wp\/v2\/pages"}],"about":[{"href":"https:\/\/www.nakurakonfort.es\/index.php?rest_route=\/wp\/v2\/types\/page"}],"author":[{"embeddable":true,"href":"https:\/\/www.nakurakonfort.es\/index.php?rest_route=\/wp\/v2\/users\/1"}],"replies":[{"embeddable":true,"href":"https:\/\/www.nakurakonfort.es\/index.php?rest_route=%2Fwp%2Fv2%2Fcomments&post=125"}],"version-history":[{"count":31,"href":"https:\/\/www.nakurakonfort.es\/index.php?rest_route=\/wp\/v2\/pages\/125\/revisions"}],"predecessor-version":[{"id":748,"href":"https:\/\/www.nakurakonfort.es\/index.php?rest_route=\/wp\/v2\/pages\/125\/revisions\/748"}],"wp:attachment":[{"href":"https:\/\/www.nakurakonfort.es\/index.php?rest_route=%2Fwp%2Fv2%2Fmedia&parent=125"}],"curies":[{"name":"wp","href":"https:\/\/api.w.org\/{rel}","templated":true}]}}