{"id":3,"date":"2024-06-13T10:21:07","date_gmt":"2024-06-13T10:21:07","guid":{"rendered":"https:\/\/www.nakurakonfort.es\/?page_id=3"},"modified":"2024-09-02T16:46:17","modified_gmt":"2024-09-02T14:46:17","slug":"privacy-policy","status":"publish","type":"page","link":"https:\/\/www.nakurakonfort.es\/?page_id=3","title":{"rendered":"Privacy Policy"},"content":{"rendered":"\t\t<div data-elementor-type=\"wp-page\" data-elementor-id=\"3\" class=\"elementor elementor-3\">\n\t\t\t\t<div class=\"elementor-element elementor-element-59e22f20 e-flex e-con-boxed e-con e-parent\" data-id=\"59e22f20\" data-element_type=\"container\">\n\t\t\t\t\t<div class=\"e-con-inner\">\n\t\t\t\t<div class=\"elementor-element elementor-element-25cca526 elementor-widget elementor-widget-text-editor\" data-id=\"25cca526\" data-element_type=\"widget\" data-widget_type=\"text-editor.default\">\n\t\t\t\t<div class=\"elementor-widget-container\">\n\t\t\t\t\t\t\t\t\t<p><\/p>\n<h2 class=\"wp-block-heading\"><br><\/h2><h2 class=\"wp-block-heading\">POLITICA DE PRIVACIDAD<\/h2>\n<p><\/p>\n<div id=\"texto\">\n<h4>Condiciones de uso y acceso<\/h4>\n<p><\/p>\n<p><span style=\"text-decoration: underline;\">Prop\u00f3sito de la web<\/span>. La presente p\u00e1gina web www.nakurakonfort.es tiene la finalidad de ofrecer a los usuarios informaci\u00f3n acerca de la oferta existente en NAKURA KONFORT de muebles tapizados y elementos de decoraci\u00f3n para el hogar.<\/p>\n<p><\/p>\n<h4>Uso de la Web por el usuario<\/h4>\n<p><\/p>\n<p>El usuario se compromete a hacer un uso adecuado y l\u00edcito del sitio web y de los Contenidos, de conformidad con la Legislaci\u00f3n aplicable, las presentes Condiciones Generales de Uso del sitio web, la moral y buenas costumbres generalmente aceptadas y el orden p\u00fablico. El Usuario deber\u00e1 abstenerse de:<\/p>\n<p><\/p>\n<ul>\n<li>Hacer un uso no autorizado o fraudulento del website y\/o de los contenidos con fines o efectos il\u00edcitos.<\/li>\n<li>Acceder o intentar acceder a recursos o \u00e1reas restringidas del website, sin cumplir las condiciones exigidas para dicho acceso.<\/li>\n<li>Introducir o difundir en la red virus inform\u00e1ticos o cualesquiera otros sistemas f\u00edsicos o l\u00f3gicos que sean susceptibles de provocar da\u00f1os en los sistemas f\u00edsicos o l\u00f3gicos del propietario del dominio, de sus proveedores o de terceros.<\/li>\n<li>Intentar acceder, utilizar y\/o manipular los datos del propietario del dominio, terceros proveedores y otros usuarios.<\/li>\n<li>Suprimir, ocultar o manipular las notas sobre derechos de propiedad intelectual o industrial y dem\u00e1s datos identificativos de los derechos del titular del website o de terceros incorporados a los Contenidos, as\u00ed como los dispositivos t\u00e9cnicos de protecci\u00f3n o cualesquiera mecanismos de informaci\u00f3n que puedan insertarse en los Contenidos.<\/li>\n<li>Obtener e intentar obtener los Contenidos empleando para ello medios o procedimientos distintos de los que, seg\u00fan los casos, se hayan puesto a su disposici\u00f3n a este efecto o se hayan indicado expresamente en las p\u00e1ginas web donde se encuentren los Contenidos o, en general, de los que se empleen habitualmente en Internet por no entra\u00f1ar un riesgo de da\u00f1o o inutilizaci\u00f3n del website y\/o de los Contenidos.<\/li>\n<li>El usuario se compromete a no realizar transacciones fraudulentas. Se advierte de que cualquier indicio que se tenga de fraude ser\u00e1 puesto en conocimiento de las autoridades.<\/li>\n<\/ul>\n<h4>Enlaces<\/h4>\n<p><\/p>\n<p>El propietario del sitio web no se hace responsable de aquellos otros datos, sitios web u archivos a los que sea posible acceder a trav\u00e9s de enlaces (links) disponibles entre sus contenidos, dado que dichas p\u00e1ginas o archivos objeto de enlace son responsabilidad de sus respectivos titulares. Esta p\u00e1gina, por tanto, ni aprueba, ni hace suyos los productos, servicios, contenidos, informaci\u00f3n, datos, archivos y cualquier clase de material existente en tales p\u00e1ginas web o archivos y no controla ni, de conformidad con lo dispuesto en la LSSICE, se hace responsable de la calidad, licitud, fiabilidad y utilidad de la informaci\u00f3n, contenidos, datos y servicios existentes en los sitios enlazados y que son ajenos a esta p\u00e1gina.<br>En el caso de que un \u00f3rgano competente declare la ilicitud de los datos, ordenado su retirada o que se imposibilite el acceso a los mismos, o se hubiera declarado la existencia de la lesi\u00f3n, y se nos haya notificado expresamente la correspondiente resoluci\u00f3n, los enlaces que se indiquen ser\u00edan inmediatamente retirados.<\/p>\n<p><\/p>\n<h4>Marcas<\/h4>\n<p><\/p>\n<p>En esta p\u00e1gina se mencionan de forma indirecta y a nivel informativo algunos t\u00e9rminos y logotipos, que constituyen marcas registradas por sus respectivos propietarios, no haci\u00e9ndonos responsable de la utilizaci\u00f3n inadecuada que pudieran hacer terceras personas respecto a dichas marcas.<\/p>\n<p><\/p>\n<h4>Legislaci\u00f3n y Jurisdicci\u00f3n aplicable:<\/h4>\n<p><\/p>\n<p>Para toda cuesti\u00f3n litigiosa o que incumba a la p\u00e1gina web nakura.es, ser\u00e1 de aplicaci\u00f3n la legislaci\u00f3n espa\u00f1ola, siendo competentes para la resoluci\u00f3n de todos los conflictos derivados o relacionados con el uso de esta p\u00e1gina web, los Juzgados y Tribunales de Madrid.<\/p>\n<\/div>\t\t\t\t\t\t\t\t<\/div>\n\t\t\t\t<\/div>\n\t\t\t\t\t<\/div>\n\t\t\t\t<\/div>\n\t\t\t\t<\/div>\n\t\t","protected":false},"excerpt":{"rendered":"<p>POLITICA DE PRIVACIDAD Condiciones de uso y acceso Prop\u00f3sito de la web. La presente p\u00e1gina web www.nakurakonfort.es tiene la finalidad [&hellip;]<\/p>\n","protected":false},"author":1,"featured_media":0,"parent":0,"menu_order":0,"comment_status":"closed","ping_status":"closed","template":"","meta":{"site-sidebar-layout":"default","site-content-layout":"","ast-site-content-layout":"","site-content-style":"default","site-sidebar-style":"default","ast-global-header-display":"","ast-banner-title-visibility":"","ast-main-header-display":"","ast-hfb-above-header-display":"","ast-hfb-below-header-display":"","ast-hfb-mobile-header-display":"","site-post-title":"","ast-breadcrumbs-content":"","ast-featured-img":"","footer-sml-layout":"","theme-transparent-header-meta":"","adv-header-id-meta":"","stick-header-meta":"","header-above-stick-meta":"","header-main-stick-meta":"","header-below-stick-meta":"","astra-migrate-meta-layouts":"default","ast-page-background-enabled":"default","ast-page-background-meta":{"desktop":{"background-color":"var(--ast-global-color-4)","background-image":"","background-repeat":"repeat","background-position":"center center","background-size":"auto","background-attachment":"scroll","background-type":"","background-media":"","overlay-type":"","overlay-color":"","overlay-opacity":"","overlay-gradient":""},"tablet":{"background-color":"","background-image":"","background-repeat":"repeat","background-position":"center center","background-size":"auto","background-attachment":"scroll","background-type":"","background-media":"","overlay-type":"","overlay-color":"","overlay-opacity":"","overlay-gradient":""},"mobile":{"background-color":"","background-image":"","background-repeat":"repeat","background-position":"center center","background-size":"auto","background-attachment":"scroll","background-type":"","background-media":"","overlay-type":"","overlay-color":"","overlay-opacity":"","overlay-gradient":""}},"ast-content-background-meta":{"desktop":{"background-color":"var(--ast-global-color-5)","background-image":"","background-repeat":"repeat","background-position":"center center","background-size":"auto","background-attachment":"scroll","background-type":"","background-media":"","overlay-type":"","overlay-color":"","overlay-opacity":"","overlay-gradient":""},"tablet":{"background-color":"var(--ast-global-color-5)","background-image":"","background-repeat":"repeat","background-position":"center center","background-size":"auto","background-attachment":"scroll","background-type":"","background-media":"","overlay-type":"","overlay-color":"","overlay-opacity":"","overlay-gradient":""},"mobile":{"background-color":"var(--ast-global-color-5)","background-image":"","background-repeat":"repeat","background-position":"center center","background-size":"auto","background-attachment":"scroll","background-type":"","background-media":"","overlay-type":"","overlay-color":"","overlay-opacity":"","overlay-gradient":""}},"footnotes":""},"class_list":["post-3","page","type-page","status-publish","hentry"],"jetpack_sharing_enabled":true,"_links":{"self":[{"href":"https:\/\/www.nakurakonfort.es\/index.php?rest_route=\/wp\/v2\/pages\/3","targetHints":{"allow":["GET"]}}],"collection":[{"href":"https:\/\/www.nakurakonfort.es\/index.php?rest_route=\/wp\/v2\/pages"}],"about":[{"href":"https:\/\/www.nakurakonfort.es\/index.php?rest_route=\/wp\/v2\/types\/page"}],"author":[{"embeddable":true,"href":"https:\/\/www.nakurakonfort.es\/index.php?rest_route=\/wp\/v2\/users\/1"}],"replies":[{"embeddable":true,"href":"https:\/\/www.nakurakonfort.es\/index.php?rest_route=%2Fwp%2Fv2%2Fcomments&post=3"}],"version-history":[{"count":6,"href":"https:\/\/www.nakurakonfort.es\/index.php?rest_route=\/wp\/v2\/pages\/3\/revisions"}],"predecessor-version":[{"id":442,"href":"https:\/\/www.nakurakonfort.es\/index.php?rest_route=\/wp\/v2\/pages\/3\/revisions\/442"}],"wp:attachment":[{"href":"https:\/\/www.nakurakonfort.es\/index.php?rest_route=%2Fwp%2Fv2%2Fmedia&parent=3"}],"curies":[{"name":"wp","href":"https:\/\/api.w.org\/{rel}","templated":true}]}}