{"id":343,"date":"2024-08-31T00:13:37","date_gmt":"2024-08-30T22:13:37","guid":{"rendered":"https:\/\/www.nakurakonfort.es\/?page_id=343"},"modified":"2025-05-19T18:47:13","modified_gmt":"2025-05-19T16:47:13","slug":"home","status":"publish","type":"page","link":"https:\/\/www.nakurakonfort.es\/","title":{"rendered":"HOME"},"content":{"rendered":"\t\t<div data-elementor-type=\"wp-page\" data-elementor-id=\"343\" class=\"elementor elementor-343\">\n\t\t\t\t<div class=\"elementor-element elementor-element-06309a6 e-con-full e-flex e-con e-parent\" data-id=\"06309a6\" data-element_type=\"container\" data-settings=\"{&quot;background_background&quot;:&quot;classic&quot;}\">\n\t\t<div class=\"elementor-element elementor-element-9e9732a e-con-full e-flex e-con e-child\" data-id=\"9e9732a\" data-element_type=\"container\">\n\t\t\t\t<\/div>\n\t\t\t\t<\/div>\n\t\t<article class=\"elementor-element elementor-element-13492c8 e-con-full e-grid elementor-invisible e-con e-parent\" data-id=\"13492c8\" data-element_type=\"container\" data-settings=\"{&quot;animation&quot;:&quot;fadeInDown&quot;}\">\n\t\t\t\t<div class=\"elementor-element elementor-element-1e1dfc0 e-transform e-transform elementor-widget elementor-widget-image\" data-id=\"1e1dfc0\" data-element_type=\"widget\" data-settings=\"{&quot;_transform_rotateZ_effect_hover&quot;:{&quot;unit&quot;:&quot;px&quot;,&quot;size&quot;:&quot;&quot;,&quot;sizes&quot;:[]},&quot;_transform_rotateZ_effect_hover_tablet&quot;:{&quot;unit&quot;:&quot;deg&quot;,&quot;size&quot;:&quot;&quot;,&quot;sizes&quot;:[]},&quot;_transform_rotateZ_effect_hover_mobile&quot;:{&quot;unit&quot;:&quot;deg&quot;,&quot;size&quot;:&quot;&quot;,&quot;sizes&quot;:[]},&quot;_transform_scaleX_effect_hover&quot;:{&quot;unit&quot;:&quot;px&quot;,&quot;size&quot;:&quot;&quot;,&quot;sizes&quot;:[]},&quot;_transform_scaleX_effect_hover_tablet&quot;:{&quot;unit&quot;:&quot;px&quot;,&quot;size&quot;:&quot;&quot;,&quot;sizes&quot;:[]},&quot;_transform_scaleX_effect_hover_mobile&quot;:{&quot;unit&quot;:&quot;px&quot;,&quot;size&quot;:&quot;&quot;,&quot;sizes&quot;:[]},&quot;_transform_scaleY_effect_hover&quot;:{&quot;unit&quot;:&quot;px&quot;,&quot;size&quot;:&quot;&quot;,&quot;sizes&quot;:[]},&quot;_transform_scaleY_effect_hover_tablet&quot;:{&quot;unit&quot;:&quot;px&quot;,&quot;size&quot;:&quot;&quot;,&quot;sizes&quot;:[]},&quot;_transform_scaleY_effect_hover_mobile&quot;:{&quot;unit&quot;:&quot;px&quot;,&quot;size&quot;:&quot;&quot;,&quot;sizes&quot;:[]}}\" data-widget_type=\"image.default\">\n\t\t\t\t<div class=\"elementor-widget-container\">\n\t\t\t\t\t\t\t\t\t\t\t\t\t\t\t\t<a href=\"https:\/\/www.nakurakonfort.es\/?al_product-cat=sofas-modulares-relax-2\" target=\"_blank\">\n\t\t\t\t\t\t\t<img fetchpriority=\"high\" decoding=\"async\" width=\"600\" height=\"384\" src=\"https:\/\/www.nakurakonfort.es\/wp-content\/uploads\/2024\/09\/EVAN-3PL-MAXI-GRIS-CLARO-600x384.jpg\" class=\"elementor-animation-shrink attachment-modern-grid-listing size-modern-grid-listing wp-image-804\" alt=\"\" srcset=\"https:\/\/www.nakurakonfort.es\/wp-content\/uploads\/2024\/09\/EVAN-3PL-MAXI-GRIS-CLARO-e1726075251117.jpg 600w, https:\/\/www.nakurakonfort.es\/wp-content\/uploads\/2024\/09\/EVAN-3PL-MAXI-GRIS-CLARO-e1726075251117-300x192.jpg 300w, https:\/\/www.nakurakonfort.es\/wp-content\/uploads\/2024\/09\/EVAN-3PL-MAXI-GRIS-CLARO-e1726075251117-250x160.jpg 250w\" sizes=\"(max-width: 600px) 100vw, 600px\" \/>\t\t\t\t\t\t\t\t<\/a>\n\t\t\t\t\t\t\t\t\t\t\t\t\t\t\t<\/div>\n\t\t\t\t<\/div>\n\t\t\t\t<div class=\"elementor-element elementor-element-0c91c43 elementor-widget elementor-widget-image\" data-id=\"0c91c43\" data-element_type=\"widget\" data-settings=\"{&quot;_animation&quot;:&quot;none&quot;}\" data-widget_type=\"image.default\">\n\t\t\t\t<div class=\"elementor-widget-container\">\n\t\t\t\t\t\t\t\t\t\t\t\t\t\t\t\t<a href=\"https:\/\/www.nakurakonfort.es\/?al_product-cat=sofas-modulares-fijos-2\" target=\"_blank\">\n\t\t\t\t\t\t\t<img decoding=\"async\" width=\"600\" height=\"384\" src=\"https:\/\/www.nakurakonfort.es\/wp-content\/uploads\/2024\/09\/sofa-fijo-categoria.jpg\" class=\"elementor-animation-shrink attachment-modern-grid-listing size-modern-grid-listing wp-image-1447\" alt=\"\" srcset=\"https:\/\/www.nakurakonfort.es\/wp-content\/uploads\/2024\/09\/sofa-fijo-categoria.jpg 600w, https:\/\/www.nakurakonfort.es\/wp-content\/uploads\/2024\/09\/sofa-fijo-categoria-300x192.jpg 300w, https:\/\/www.nakurakonfort.es\/wp-content\/uploads\/2024\/09\/sofa-fijo-categoria-250x160.jpg 250w\" sizes=\"(max-width: 600px) 100vw, 600px\" \/>\t\t\t\t\t\t\t\t<\/a>\n\t\t\t\t\t\t\t\t\t\t\t\t\t\t\t<\/div>\n\t\t\t\t<\/div>\n\t\t\t\t<div class=\"elementor-element elementor-element-69ad88b elementor-widget elementor-widget-image\" data-id=\"69ad88b\" data-element_type=\"widget\" data-widget_type=\"image.default\">\n\t\t\t\t<div class=\"elementor-widget-container\">\n\t\t\t\t\t\t\t\t\t\t\t\t\t\t\t\t<a href=\"https:\/\/www.nakurakonfort.es\/?al_product-cat=chaiselongues\" target=\"_blank\">\n\t\t\t\t\t\t\t<img decoding=\"async\" width=\"600\" height=\"384\" src=\"https:\/\/www.nakurakonfort.es\/wp-content\/uploads\/2024\/09\/SOREN-VF-DCHA-1-600x384.jpg\" class=\"elementor-animation-shrink attachment-modern-grid-listing size-modern-grid-listing wp-image-806\" alt=\"\" srcset=\"https:\/\/www.nakurakonfort.es\/wp-content\/uploads\/2024\/09\/SOREN-VF-DCHA-1-e1726075672903.jpg 600w, https:\/\/www.nakurakonfort.es\/wp-content\/uploads\/2024\/09\/SOREN-VF-DCHA-1-e1726075672903-300x192.jpg 300w, https:\/\/www.nakurakonfort.es\/wp-content\/uploads\/2024\/09\/SOREN-VF-DCHA-1-e1726075672903-250x160.jpg 250w\" sizes=\"(max-width: 600px) 100vw, 600px\" \/>\t\t\t\t\t\t\t\t<\/a>\n\t\t\t\t\t\t\t\t\t\t\t\t\t\t\t<\/div>\n\t\t\t\t<\/div>\n\t\t\t\t<div class=\"elementor-element elementor-element-c988bff elementor-widget elementor-widget-image\" data-id=\"c988bff\" data-element_type=\"widget\" data-widget_type=\"image.default\">\n\t\t\t\t<div class=\"elementor-widget-container\">\n\t\t\t\t\t\t\t\t\t\t\t\t\t\t\t\t<a href=\"https:\/\/www.nakurakonfort.es\/?al_product-cat=rinconeras\" target=\"_blank\">\n\t\t\t\t\t\t\t<img loading=\"lazy\" decoding=\"async\" width=\"600\" height=\"384\" src=\"https:\/\/www.nakurakonfort.es\/wp-content\/uploads\/2024\/09\/ORION-RINCONERA-CAMEL-22-1.jpg\" class=\"elementor-animation-shrink attachment-modern-grid-listing size-modern-grid-listing wp-image-1353\" alt=\"\" srcset=\"https:\/\/www.nakurakonfort.es\/wp-content\/uploads\/2024\/09\/ORION-RINCONERA-CAMEL-22-1.jpg 600w, https:\/\/www.nakurakonfort.es\/wp-content\/uploads\/2024\/09\/ORION-RINCONERA-CAMEL-22-1-300x192.jpg 300w, https:\/\/www.nakurakonfort.es\/wp-content\/uploads\/2024\/09\/ORION-RINCONERA-CAMEL-22-1-250x160.jpg 250w\" sizes=\"(max-width: 600px) 100vw, 600px\" \/>\t\t\t\t\t\t\t\t<\/a>\n\t\t\t\t\t\t\t\t\t\t\t\t\t\t\t<\/div>\n\t\t\t\t<\/div>\n\t\t\t\t<div class=\"elementor-element elementor-element-1f3819a e-transform e-transform elementor-widget elementor-widget-image\" data-id=\"1f3819a\" data-element_type=\"widget\" data-settings=\"{&quot;_transform_rotateZ_effect&quot;:{&quot;unit&quot;:&quot;px&quot;,&quot;size&quot;:&quot;&quot;,&quot;sizes&quot;:[]},&quot;_transform_rotateZ_effect_tablet&quot;:{&quot;unit&quot;:&quot;deg&quot;,&quot;size&quot;:&quot;&quot;,&quot;sizes&quot;:[]},&quot;_transform_rotateZ_effect_mobile&quot;:{&quot;unit&quot;:&quot;deg&quot;,&quot;size&quot;:&quot;&quot;,&quot;sizes&quot;:[]},&quot;_transform_translateX_effect&quot;:{&quot;unit&quot;:&quot;px&quot;,&quot;size&quot;:&quot;&quot;,&quot;sizes&quot;:[]},&quot;_transform_translateX_effect_tablet&quot;:{&quot;unit&quot;:&quot;px&quot;,&quot;size&quot;:&quot;&quot;,&quot;sizes&quot;:[]},&quot;_transform_translateX_effect_mobile&quot;:{&quot;unit&quot;:&quot;px&quot;,&quot;size&quot;:&quot;&quot;,&quot;sizes&quot;:[]},&quot;_transform_translateY_effect&quot;:{&quot;unit&quot;:&quot;px&quot;,&quot;size&quot;:&quot;&quot;,&quot;sizes&quot;:[]},&quot;_transform_translateY_effect_tablet&quot;:{&quot;unit&quot;:&quot;px&quot;,&quot;size&quot;:&quot;&quot;,&quot;sizes&quot;:[]},&quot;_transform_translateY_effect_mobile&quot;:{&quot;unit&quot;:&quot;px&quot;,&quot;size&quot;:&quot;&quot;,&quot;sizes&quot;:[]}}\" data-widget_type=\"image.default\">\n\t\t\t\t<div class=\"elementor-widget-container\">\n\t\t\t\t\t\t\t\t\t\t\t\t\t\t\t\t<a href=\"https:\/\/www.nakurakonfort.es\/?al_product-cat=sillones-relax\" target=\"_blank\">\n\t\t\t\t\t\t\t<img loading=\"lazy\" decoding=\"async\" width=\"600\" height=\"384\" src=\"https:\/\/www.nakurakonfort.es\/wp-content\/uploads\/2024\/09\/dimian-manual-abierto-600x384.jpg\" class=\"elementor-animation-shrink attachment-modern-grid-listing size-modern-grid-listing wp-image-805\" alt=\"\" srcset=\"https:\/\/www.nakurakonfort.es\/wp-content\/uploads\/2024\/09\/dimian-manual-abierto-e1726075495873.jpg 600w, https:\/\/www.nakurakonfort.es\/wp-content\/uploads\/2024\/09\/dimian-manual-abierto-e1726075495873-300x192.jpg 300w, https:\/\/www.nakurakonfort.es\/wp-content\/uploads\/2024\/09\/dimian-manual-abierto-e1726075495873-250x160.jpg 250w\" sizes=\"(max-width: 600px) 100vw, 600px\" \/>\t\t\t\t\t\t\t\t<\/a>\n\t\t\t\t\t\t\t\t\t\t\t\t\t\t\t<\/div>\n\t\t\t\t<\/div>\n\t\t\t\t<div class=\"elementor-element elementor-element-3423a7e elementor-widget elementor-widget-image\" data-id=\"3423a7e\" data-element_type=\"widget\" data-widget_type=\"image.default\">\n\t\t\t\t<div class=\"elementor-widget-container\">\n\t\t\t\t\t\t\t\t\t\t\t\t\t\t\t\t<a href=\"https:\/\/www.nakurakonfort.es\/?al_product-cat=butacas-fijas\" target=\"_blank\">\n\t\t\t\t\t\t\t<img loading=\"lazy\" decoding=\"async\" width=\"600\" height=\"384\" src=\"https:\/\/www.nakurakonfort.es\/wp-content\/uploads\/2024\/09\/GALERIA-BUTACAS-600x384.jpg\" class=\"elementor-animation-shrink attachment-modern-grid-listing size-modern-grid-listing wp-image-802\" alt=\"\" \/>\t\t\t\t\t\t\t\t<\/a>\n\t\t\t\t\t\t\t\t\t\t\t\t\t\t\t<\/div>\n\t\t\t\t<\/div>\n\t\t\t\t<\/article>\n\t\t<div class=\"elementor-element elementor-element-bcf5c8b e-con-full e-flex elementor-invisible e-con e-parent\" data-id=\"bcf5c8b\" data-element_type=\"container\" data-settings=\"{&quot;animation&quot;:&quot;fadeIn&quot;}\">\n\t\t\t\t<div class=\"elementor-element elementor-element-6a3ef35 elementor-widget__width-inherit elementor-position-top elementor-widget elementor-widget-image-box\" data-id=\"6a3ef35\" data-element_type=\"widget\" data-widget_type=\"image-box.default\">\n\t\t\t\t<div class=\"elementor-widget-container\">\n\t\t\t\t\t<div class=\"elementor-image-box-wrapper\"><figure class=\"elementor-image-box-img\"><img loading=\"lazy\" decoding=\"async\" width=\"2000\" height=\"1212\" src=\"https:\/\/www.nakurakonfort.es\/wp-content\/uploads\/2024\/08\/evan-1.jpg\" class=\"attachment-full size-full wp-image-412\" alt=\"\" srcset=\"https:\/\/www.nakurakonfort.es\/wp-content\/uploads\/2024\/08\/evan-1.jpg 2000w, https:\/\/www.nakurakonfort.es\/wp-content\/uploads\/2024\/08\/evan-1-600x364.jpg 600w, https:\/\/www.nakurakonfort.es\/wp-content\/uploads\/2024\/08\/evan-1-300x182.jpg 300w, https:\/\/www.nakurakonfort.es\/wp-content\/uploads\/2024\/08\/evan-1-1024x621.jpg 1024w, https:\/\/www.nakurakonfort.es\/wp-content\/uploads\/2024\/08\/evan-1-768x465.jpg 768w, https:\/\/www.nakurakonfort.es\/wp-content\/uploads\/2024\/08\/evan-1-1536x931.jpg 1536w\" sizes=\"(max-width: 2000px) 100vw, 2000px\" \/><\/figure><div class=\"elementor-image-box-content\"><h3 class=\"elementor-image-box-title\">SOFAS MODULARES RELAX<\/h3><p class=\"elementor-image-box-description\">una amplia variedad de sistemas de m\u00e1xima calidad: relax manuales con balanc\u00edn, cabeceros y asientos relax \"gravedad cero\" el\u00e9ctricos, extra\u00edbles electricos...<\/p><\/div><\/div>\t\t\t\t<\/div>\n\t\t\t\t<\/div>\n\t\t\t\t<\/div>\n\t\t<div class=\"elementor-element elementor-element-4efa864 e-con-full e-flex elementor-invisible e-con e-parent\" data-id=\"4efa864\" data-element_type=\"container\" data-settings=\"{&quot;animation&quot;:&quot;fadeIn&quot;}\">\n\t\t\t\t<div class=\"elementor-element elementor-element-4a00b80 elementor-widget__width-inherit elementor-position-top elementor-widget elementor-widget-image-box\" data-id=\"4a00b80\" data-element_type=\"widget\" data-widget_type=\"image-box.default\">\n\t\t\t\t<div class=\"elementor-widget-container\">\n\t\t\t\t\t<div class=\"elementor-image-box-wrapper\"><figure class=\"elementor-image-box-img\"><img loading=\"lazy\" decoding=\"async\" width=\"2000\" height=\"1081\" src=\"https:\/\/www.nakurakonfort.es\/wp-content\/uploads\/2024\/08\/bacelo.jpg\" class=\"attachment-full size-full wp-image-425\" alt=\"\" srcset=\"https:\/\/www.nakurakonfort.es\/wp-content\/uploads\/2024\/08\/bacelo.jpg 2000w, https:\/\/www.nakurakonfort.es\/wp-content\/uploads\/2024\/08\/bacelo-600x324.jpg 600w, https:\/\/www.nakurakonfort.es\/wp-content\/uploads\/2024\/08\/bacelo-300x162.jpg 300w, https:\/\/www.nakurakonfort.es\/wp-content\/uploads\/2024\/08\/bacelo-1024x553.jpg 1024w, https:\/\/www.nakurakonfort.es\/wp-content\/uploads\/2024\/08\/bacelo-768x415.jpg 768w, https:\/\/www.nakurakonfort.es\/wp-content\/uploads\/2024\/08\/bacelo-1536x830.jpg 1536w\" sizes=\"(max-width: 2000px) 100vw, 2000px\" \/><\/figure><div class=\"elementor-image-box-content\"><h3 class=\"elementor-image-box-title\">SOFAS MODULARES FIJOS<\/h3><p class=\"elementor-image-box-description\">m\u00faltiples posibilades de combinaci\u00f3n de m\u00f3dulos y tejidos<\/p><\/div><\/div>\t\t\t\t<\/div>\n\t\t\t\t<\/div>\n\t\t\t\t<\/div>\n\t\t<div class=\"elementor-element elementor-element-088e2ea e-con-full e-flex elementor-invisible e-con e-parent\" data-id=\"088e2ea\" data-element_type=\"container\" data-settings=\"{&quot;animation&quot;:&quot;fadeIn&quot;}\">\n\t\t\t\t<div class=\"elementor-element elementor-element-bf62dc8 elementor-widget__width-inherit elementor-position-top elementor-widget elementor-widget-image-box\" data-id=\"bf62dc8\" data-element_type=\"widget\" data-widget_type=\"image-box.default\">\n\t\t\t\t<div class=\"elementor-widget-container\">\n\t\t\t\t\t<div class=\"elementor-image-box-wrapper\"><figure class=\"elementor-image-box-img\"><img loading=\"lazy\" decoding=\"async\" width=\"2000\" height=\"998\" src=\"https:\/\/www.nakurakonfort.es\/wp-content\/uploads\/2024\/09\/kilian.jpg\" class=\"attachment-full size-full wp-image-559\" alt=\"\" srcset=\"https:\/\/www.nakurakonfort.es\/wp-content\/uploads\/2024\/09\/kilian.jpg 2000w, https:\/\/www.nakurakonfort.es\/wp-content\/uploads\/2024\/09\/kilian-600x299.jpg 600w, https:\/\/www.nakurakonfort.es\/wp-content\/uploads\/2024\/09\/kilian-300x150.jpg 300w, https:\/\/www.nakurakonfort.es\/wp-content\/uploads\/2024\/09\/kilian-1024x511.jpg 1024w, https:\/\/www.nakurakonfort.es\/wp-content\/uploads\/2024\/09\/kilian-768x383.jpg 768w, https:\/\/www.nakurakonfort.es\/wp-content\/uploads\/2024\/09\/kilian-1536x766.jpg 1536w, https:\/\/www.nakurakonfort.es\/wp-content\/uploads\/2024\/09\/kilian-280x140.jpg 280w\" sizes=\"(max-width: 2000px) 100vw, 2000px\" \/><\/figure><div class=\"elementor-image-box-content\"><h3 class=\"elementor-image-box-title\">CHAISELONGUES<\/h3><p class=\"elementor-image-box-description\">fijas, relax, con m\u00faltiples combinaciones y diversos tapizados<\/p><\/div><\/div>\t\t\t\t<\/div>\n\t\t\t\t<\/div>\n\t\t\t\t<\/div>\n\t\t<div class=\"elementor-element elementor-element-415e62f e-con-full e-flex elementor-invisible e-con e-parent\" data-id=\"415e62f\" data-element_type=\"container\" data-settings=\"{&quot;animation&quot;:&quot;fadeIn&quot;}\">\n\t\t\t\t<div class=\"elementor-element elementor-element-e77304d elementor-widget__width-inherit elementor-position-top elementor-widget elementor-widget-image-box\" data-id=\"e77304d\" data-element_type=\"widget\" data-widget_type=\"image-box.default\">\n\t\t\t\t<div class=\"elementor-widget-container\">\n\t\t\t\t\t<div class=\"elementor-image-box-wrapper\"><figure class=\"elementor-image-box-img\"><img loading=\"lazy\" decoding=\"async\" width=\"2000\" height=\"1039\" src=\"https:\/\/www.nakurakonfort.es\/wp-content\/uploads\/2024\/09\/KENZO-CHAISELONGUE.jpg\" class=\"attachment-full size-full wp-image-1340\" alt=\"\" \/><\/figure><div class=\"elementor-image-box-content\"><h3 class=\"elementor-image-box-title\">RINCONERAS<\/h3><p class=\"elementor-image-box-description\">con relax el\u00e9ctrico o manual, tapizadas en tela o piel<\/p><\/div><\/div>\t\t\t\t<\/div>\n\t\t\t\t<\/div>\n\t\t\t\t<\/div>\n\t\t<div class=\"elementor-element elementor-element-07d3ed7 e-con-full e-flex elementor-invisible e-con e-parent\" data-id=\"07d3ed7\" data-element_type=\"container\" data-settings=\"{&quot;animation&quot;:&quot;fadeIn&quot;}\">\n\t\t\t\t<div class=\"elementor-element elementor-element-b8fbb67 elementor-widget__width-inherit elementor-position-top elementor-widget elementor-widget-image-box\" data-id=\"b8fbb67\" data-element_type=\"widget\" data-widget_type=\"image-box.default\">\n\t\t\t\t<div class=\"elementor-widget-container\">\n\t\t\t\t\t<div class=\"elementor-image-box-wrapper\"><figure class=\"elementor-image-box-img\"><img loading=\"lazy\" decoding=\"async\" width=\"1400\" height=\"974\" src=\"https:\/\/www.nakurakonfort.es\/wp-content\/uploads\/2024\/09\/HOME-SILLONES-2.jpg\" class=\"attachment-full size-full wp-image-813\" alt=\"\" srcset=\"https:\/\/www.nakurakonfort.es\/wp-content\/uploads\/2024\/09\/HOME-SILLONES-2.jpg 1400w, https:\/\/www.nakurakonfort.es\/wp-content\/uploads\/2024\/09\/HOME-SILLONES-2-300x209.jpg 300w, https:\/\/www.nakurakonfort.es\/wp-content\/uploads\/2024\/09\/HOME-SILLONES-2-1024x712.jpg 1024w, https:\/\/www.nakurakonfort.es\/wp-content\/uploads\/2024\/09\/HOME-SILLONES-2-768x534.jpg 768w, https:\/\/www.nakurakonfort.es\/wp-content\/uploads\/2024\/09\/HOME-SILLONES-2-600x417.jpg 600w, https:\/\/www.nakurakonfort.es\/wp-content\/uploads\/2024\/09\/HOME-SILLONES-2-230x160.jpg 230w\" sizes=\"(max-width: 1400px) 100vw, 1400px\" \/><\/figure><div class=\"elementor-image-box-content\"><h3 class=\"elementor-image-box-title\">SILLONES RELAX<\/h3><p class=\"elementor-image-box-description\">con sistema power-lift, balancines, giratorios... y por supuesto, con relax el\u00e9ctrico o manual.<\/p><\/div><\/div>\t\t\t\t<\/div>\n\t\t\t\t<\/div>\n\t\t\t\t<\/div>\n\t\t<div class=\"elementor-element elementor-element-bfc3b7f e-con-full e-flex elementor-invisible e-con e-parent\" data-id=\"bfc3b7f\" data-element_type=\"container\" data-settings=\"{&quot;animation&quot;:&quot;fadeIn&quot;}\">\n\t\t\t\t<div class=\"elementor-element elementor-element-c34e570 elementor-widget__width-inherit elementor-position-top elementor-widget elementor-widget-image-box\" data-id=\"c34e570\" data-element_type=\"widget\" data-widget_type=\"image-box.default\">\n\t\t\t\t<div class=\"elementor-widget-container\">\n\t\t\t\t\t<div class=\"elementor-image-box-wrapper\"><figure class=\"elementor-image-box-img\"><img loading=\"lazy\" decoding=\"async\" width=\"1800\" height=\"1183\" src=\"https:\/\/www.nakurakonfort.es\/wp-content\/uploads\/2024\/09\/HOME-BUTACAS.jpg\" class=\"attachment-full size-full wp-image-809\" alt=\"\" srcset=\"https:\/\/www.nakurakonfort.es\/wp-content\/uploads\/2024\/09\/HOME-BUTACAS.jpg 1800w, https:\/\/www.nakurakonfort.es\/wp-content\/uploads\/2024\/09\/HOME-BUTACAS-300x197.jpg 300w, https:\/\/www.nakurakonfort.es\/wp-content\/uploads\/2024\/09\/HOME-BUTACAS-1024x673.jpg 1024w, https:\/\/www.nakurakonfort.es\/wp-content\/uploads\/2024\/09\/HOME-BUTACAS-768x505.jpg 768w, https:\/\/www.nakurakonfort.es\/wp-content\/uploads\/2024\/09\/HOME-BUTACAS-1536x1009.jpg 1536w, https:\/\/www.nakurakonfort.es\/wp-content\/uploads\/2024\/09\/HOME-BUTACAS-600x394.jpg 600w, https:\/\/www.nakurakonfort.es\/wp-content\/uploads\/2024\/09\/HOME-BUTACAS-243x160.jpg 243w\" sizes=\"(max-width: 1800px) 100vw, 1800px\" \/><\/figure><div class=\"elementor-image-box-content\"><h3 class=\"elementor-image-box-title\">BUTACAS FIJAS<\/h3><p class=\"elementor-image-box-description\">de diversos estilos, tapizados y medidas, para sal\u00f3n, dormitorio, recibidor...<\/p><\/div><\/div>\t\t\t\t<\/div>\n\t\t\t\t<\/div>\n\t\t\t\t<\/div>\n\t\t\t\t<\/div>\n\t\t","protected":false},"excerpt":{"rendered":"<p>SOFAS MODULARES RELAX una amplia variedad de sistemas de m\u00e1xima calidad: relax manuales con balanc\u00edn, cabeceros y asientos relax \u00abgravedad [&hellip;]<\/p>\n","protected":false},"author":1,"featured_media":0,"parent":0,"menu_order":0,"comment_status":"closed","ping_status":"closed","template":"","meta":{"site-sidebar-layout":"no-sidebar","site-content-layout":"","ast-site-content-layout":"full-width-container","site-content-style":"default","site-sidebar-style":"default","ast-global-header-display":"","ast-banner-title-visibility":"","ast-main-header-display":"","ast-hfb-above-header-display":"","ast-hfb-below-header-display":"","ast-hfb-mobile-header-display":"","site-post-title":"disabled","ast-breadcrumbs-content":"","ast-featured-img":"disabled","footer-sml-layout":"","theme-transparent-header-meta":"","adv-header-id-meta":"","stick-header-meta":"","header-above-stick-meta":"","header-main-stick-meta":"","header-below-stick-meta":"","astra-migrate-meta-layouts":"default","ast-page-background-enabled":"default","ast-page-background-meta":{"desktop":{"background-color":"var(--ast-global-color-4)","background-image":"","background-repeat":"repeat","background-position":"center center","background-size":"auto","background-attachment":"scroll","background-type":"","background-media":"","overlay-type":"","overlay-color":"","overlay-opacity":"","overlay-gradient":""},"tablet":{"background-color":"","background-image":"","background-repeat":"repeat","background-position":"center center","background-size":"auto","background-attachment":"scroll","background-type":"","background-media":"","overlay-type":"","overlay-color":"","overlay-opacity":"","overlay-gradient":""},"mobile":{"background-color":"","background-image":"","background-repeat":"repeat","background-position":"center center","background-size":"auto","background-attachment":"scroll","background-type":"","background-media":"","overlay-type":"","overlay-color":"","overlay-opacity":"","overlay-gradient":""}},"ast-content-background-meta":{"desktop":{"background-color":"var(--ast-global-color-5)","background-image":"","background-repeat":"repeat","background-position":"center center","background-size":"auto","background-attachment":"scroll","background-type":"","background-media":"","overlay-type":"","overlay-color":"","overlay-opacity":"","overlay-gradient":""},"tablet":{"background-color":"var(--ast-global-color-5)","background-image":"","background-repeat":"repeat","background-position":"center center","background-size":"auto","background-attachment":"scroll","background-type":"","background-media":"","overlay-type":"","overlay-color":"","overlay-opacity":"","overlay-gradient":""},"mobile":{"background-color":"var(--ast-global-color-5)","background-image":"","background-repeat":"repeat","background-position":"center center","background-size":"auto","background-attachment":"scroll","background-type":"","background-media":"","overlay-type":"","overlay-color":"","overlay-opacity":"","overlay-gradient":""}},"footnotes":""},"class_list":["post-343","page","type-page","status-publish","hentry"],"jetpack_sharing_enabled":true,"_links":{"self":[{"href":"https:\/\/www.nakurakonfort.es\/index.php?rest_route=\/wp\/v2\/pages\/343","targetHints":{"allow":["GET"]}}],"collection":[{"href":"https:\/\/www.nakurakonfort.es\/index.php?rest_route=\/wp\/v2\/pages"}],"about":[{"href":"https:\/\/www.nakurakonfort.es\/index.php?rest_route=\/wp\/v2\/types\/page"}],"author":[{"embeddable":true,"href":"https:\/\/www.nakurakonfort.es\/index.php?rest_route=\/wp\/v2\/users\/1"}],"replies":[{"embeddable":true,"href":"https:\/\/www.nakurakonfort.es\/index.php?rest_route=%2Fwp%2Fv2%2Fcomments&post=343"}],"version-history":[{"count":112,"href":"https:\/\/www.nakurakonfort.es\/index.php?rest_route=\/wp\/v2\/pages\/343\/revisions"}],"predecessor-version":[{"id":1628,"href":"https:\/\/www.nakurakonfort.es\/index.php?rest_route=\/wp\/v2\/pages\/343\/revisions\/1628"}],"wp:attachment":[{"href":"https:\/\/www.nakurakonfort.es\/index.php?rest_route=%2Fwp%2Fv2%2Fmedia&parent=343"}],"curies":[{"name":"wp","href":"https:\/\/api.w.org\/{rel}","templated":true}]}}